{"id":157,"date":"2019-04-09T07:31:39","date_gmt":"2019-04-09T05:31:39","guid":{"rendered":"http:\/\/www.telegrafia.sk\/erp\/?page_id=157"},"modified":"2026-04-22T13:53:23","modified_gmt":"2026-04-22T11:53:23","slug":"o-nas","status":"publish","type":"page","link":"https:\/\/www.telegrafia.sk\/erp\/o-nas\/","title":{"rendered":"O n\u00e1s"},"content":{"rendered":"<div class=\"wpb-content-wrapper\"><p>[vc_row full_width=&#8220;stretch_row_content&#8220; content_placement=&#8220;middle&#8220;][vc_column css=&#8220;.vc_custom_1558349091571{padding-top: 10% !important;padding-bottom: 12% !important;background-image: url(\/erp\/wp-content\/uploads\/sites\/3\/2019\/05\/office-365-bussines-central-bg_02.jpg?id=442) !important;background-position: center !important;background-repeat: no-repeat !important;background-size: cover !important;}&#8220; offset=&#8220;vc_hidden-sm vc_hidden-xs&#8220;][vc_row_inner container_type=&#8220;fluid&#8220;][vc_column_inner width=&#8220;1\/2&#8243;][\/vc_column_inner][vc_column_inner width=&#8220;1\/2&#8243;][vc_custom_heading text=&#8220;Telegrafia &#8211; v\u00e1\u0161 partner pre ERP rie\u0161enia&#8220; font_container=&#8220;tag:h1|font_size:60|text_align:center|color:%23505050&#8243; use_theme_fonts=&#8220;yes&#8220;][\/vc_column_inner][\/vc_row_inner][\/vc_column][\/vc_row][vc_row full_width=&#8220;stretch_row_content&#8220; content_placement=&#8220;middle&#8220;][vc_column css=&#8220;.vc_custom_1558348555851{margin-bottom: 4% !important;background-image: url(\/erp\/wp-content\/uploads\/sites\/3\/2019\/05\/office-365-bussines-central-small-01.jpg?id=444) !important;background-position: center !important;background-repeat: no-repeat !important;background-size: cover !important;}&#8220; offset=&#8220;vc_hidden-lg vc_hidden-md&#8220;][vc_row_inner container_type=&#8220;fluid&#8220;][vc_column_inner width=&#8220;1\/2&#8243; css=&#8220;.vc_custom_1558348680902{padding-top: 25% !important;padding-bottom: 15% !important;}&#8220;][vc_custom_heading text=&#8220;Telegrafia &#8211; v\u00e1\u0161 partner pre ERP rie\u0161enia&#8220; font_container=&#8220;tag:h1|font_size:30|text_align:left|color:%23505050&#8243; use_theme_fonts=&#8220;yes&#8220;][\/vc_column_inner][vc_column_inner width=&#8220;1\/2&#8243;][\/vc_column_inner][\/vc_row_inner][\/vc_column][\/vc_row][vc_row full_width=&#8220;stretch_row_content&#8220;][vc_column css=&#8220;.vc_custom_1557123905577{padding-top: 2% !important;padding-bottom: 2% !important;}&#8220;][vc_custom_heading text=&#8220;Rozumieme individu\u00e1lnym potreb\u00e1m na\u0161ich z\u00e1kazn\u00edkov&#8220; font_container=&#8220;tag:h2|font_size:30|text_align:center|color:%23ec2026&#8243; use_theme_fonts=&#8220;yes&#8220;][\/vc_column][\/vc_row][vc_row][vc_column width=&#8220;1\/2&#8243; css=&#8220;.vc_custom_1557123847610{padding-right: 4% !important;padding-left: 4% !important;}&#8220;][vc_column_text]Spolo\u010dnos\u0165 Telegrafia zalo\u017eila svoju \u010dinnos\u0165 na troch hlavn\u00fdch pilieroch. Jedn\u00fdm z nich je poskytovanie profesion\u00e1lnych rie\u0161en\u00ed a slu\u017eieb v oblasti podnikov\u00fdch informa\u010dn\u00fdch syst\u00e9mov (ERP), postaven\u00fdch na \u0161pi\u010dkovom softv\u00e9ri <a href=\"https:\/\/www.telegrafia.sk\/erp\/produkty\/microsoft-dynamic-365-business-central\/\"><strong>Microsoft\u00ae Dynamics 365 Business Central<\/strong><\/a>.<\/p>\n<p>Na\u0161im cie\u013eom nikdy nebolo prev\u00e1dzkova\u0165 \u201emasov\u00fa v\u00fdrobu\u201c a preto sa zameriavame hlavne na kvalitu. Vieme, \u017ee ka\u017ed\u00e9 podnikanie je nie\u010d\u00edm \u0161pecifick\u00e9 a preto si ka\u017ed\u00fd z na\u0161ich klientov zasl\u00fa\u017ei skuto\u010dne individu\u00e1lny pr\u00edstup.[\/vc_column_text][\/vc_column][vc_column width=&#8220;1\/2&#8243; css=&#8220;.vc_custom_1557123858822{padding-right: 4% !important;padding-left: 4% !important;}&#8220;][vc_column_text]U n\u00e1s sa m\u00f4\u017eete s akouko\u013evek po\u017eiadavkou obr\u00e1ti\u0165 na konkr\u00e9tnych, vysoko kvalifikovan\u00fdch konzultantov s menom a tv\u00e1rou, ktor\u00ed poznaj\u00fa princ\u00edpy fungovania V\u00e1\u0161ho biznisu a vedia V\u00e1m navrhn\u00fa\u0165 to najlep\u0161ie rie\u0161enie. Aj v\u010faka tomu s nami doteraj\u0161\u00ed klienti z vlastnej iniciat\u00edvy uzatv\u00e1raj\u00fa dlhodob\u00e9 mnohoro\u010dn\u00e9 kontrakty. Pridajte sa k nim aj Vy.<\/p>\n<p>Aby ste mali istotu v spr\u00e1vnosti V\u00e1\u0161ho v\u00fdberu, cel\u00fa na\u0161u \u010dinnos\u0165 riadime pod\u013ea pr\u00edsnych po\u017eiadaviek syst\u00e9mu riadenia kvality ISO 9001:2015 a sme tie\u017e dlhoro\u010dn\u00fdm Gold partnerom spolo\u010dnosti Microsoft\u00ae.[\/vc_column_text][\/vc_column][\/vc_row][vc_row full_width=&#8220;stretch_row_content&#8220; css=&#8220;.vc_custom_1557129102169{background-image: url(\/erp\/wp-content\/uploads\/sites\/3\/2019\/04\/red_slice.png?id=28) !important;}&#8220;][vc_column css=&#8220;.vc_custom_1557123905577{padding-top: 2% !important;padding-bottom: 2% !important;}&#8220;][vc_empty_space height=&#8220;100px&#8220;][vc_custom_heading text=&#8220;Na\u0161e odborn\u00e9 znalosti a dlhoro\u010dn\u00e9 sk\u00fasenosti s\u00fa z\u00e1rukou kvality.&#8220; font_container=&#8220;tag:h2|font_size:30|text_align:center|color:%23ffffff&#8220; use_theme_fonts=&#8220;yes&#8220;][\/vc_column][\/vc_row][vc_row full_width=&#8220;stretch_row_content&#8220;][vc_column offset=&#8220;vc_hidden-lg vc_hidden-md&#8220; css=&#8220;.vc_custom_1558348735824{padding-top: 50% !important;padding-bottom: 50% !important;background-image: url(\/erp\/wp-content\/uploads\/sites\/3\/2019\/05\/vyhody-1.jpg?id=388) !important;background-position: center !important;background-repeat: no-repeat !important;background-size: cover !important;}&#8220;][\/vc_column][\/vc_row]<\/p>\n<\/div>","protected":false},"excerpt":{"rendered":"<p>[vc_row full_width=&#8220;stretch_row_content&#8220; content_placement=&#8220;middle&#8220;][vc_column css=&#8220;.vc_custom_1558349091571{padding-top: 10% !important;padding-bottom: 12% !important;background-image: url(\/erp\/wp-content\/uploads\/sites\/3\/2019\/05\/office-365-bussines-central-bg_02.jpg?id=442) !important;background-position: center !important;background-repeat: no-repeat !important;background-size: cover !important;}&#8220; offset=&#8220;vc_hidden-sm vc_hidden-xs&#8220;][vc_row_inner container_type=&#8220;fluid&#8220;][vc_column_inner width=&#8220;1\/2&#8243;][\/vc_column_inner][vc_column_inner width=&#8220;1\/2&#8243;][vc_custom_heading text=&#8220;Telegrafia &#8211; v\u00e1\u0161 partner pre ERP rie\u0161enia&#8220; font_container=&#8220;tag:h1|font_size:60|text_align:center|color:%23505050&#8243; use_theme_fonts=&#8220;yes&#8220;][\/vc_column_inner][\/vc_row_inner][\/vc_column][\/vc_row][vc_row full_width=&#8220;stretch_row_content&#8220; content_placement=&#8220;middle&#8220;][vc_column css=&#8220;.vc_custom_1558348555851{margin-bottom: 4% !important;background-image: url(\/erp\/wp-content\/uploads\/sites\/3\/2019\/05\/office-365-bussines-central-small-01.jpg?id=444) !important;background-position: center !important;background-repeat: no-repeat !important;background-size: cover !important;}&#8220; offset=&#8220;vc_hidden-lg vc_hidden-md&#8220;][vc_row_inner container_type=&#8220;fluid&#8220;][vc_column_inner width=&#8220;1\/2&#8243; css=&#8220;.vc_custom_1558348680902{padding-top: 25% !important;padding-bottom: 15% !important;}&#8220;][vc_custom_heading text=&#8220;Telegrafia &#8211; v\u00e1\u0161&hellip;<\/p>\n","protected":false},"author":1,"featured_media":0,"parent":0,"menu_order":0,"comment_status":"closed","ping_status":"closed","template":"","meta":{"_acf_changed":false,"footnotes":""},"acf":[],"_links":{"self":[{"href":"https:\/\/www.telegrafia.sk\/erp\/wp-json\/wp\/v2\/pages\/157"}],"collection":[{"href":"https:\/\/www.telegrafia.sk\/erp\/wp-json\/wp\/v2\/pages"}],"about":[{"href":"https:\/\/www.telegrafia.sk\/erp\/wp-json\/wp\/v2\/types\/page"}],"author":[{"embeddable":true,"href":"https:\/\/www.telegrafia.sk\/erp\/wp-json\/wp\/v2\/users\/1"}],"replies":[{"embeddable":true,"href":"https:\/\/www.telegrafia.sk\/erp\/wp-json\/wp\/v2\/comments?post=157"}],"version-history":[{"count":7,"href":"https:\/\/www.telegrafia.sk\/erp\/wp-json\/wp\/v2\/pages\/157\/revisions"}],"predecessor-version":[{"id":4203,"href":"https:\/\/www.telegrafia.sk\/erp\/wp-json\/wp\/v2\/pages\/157\/revisions\/4203"}],"wp:attachment":[{"href":"https:\/\/www.telegrafia.sk\/erp\/wp-json\/wp\/v2\/media?parent=157"}],"curies":[{"name":"wp","href":"https:\/\/api.w.org\/{rel}","templated":true}]}}