{"id":159,"date":"2019-04-09T07:32:02","date_gmt":"2019-04-09T05:32:02","guid":{"rendered":"http:\/\/www.telegrafia.sk\/erp\/?page_id=159"},"modified":"2025-11-26T15:24:37","modified_gmt":"2025-11-26T14:24:37","slug":"kontakt","status":"publish","type":"page","link":"https:\/\/www.telegrafia.sk\/erp\/kontakt\/","title":{"rendered":"Kontakt"},"content":{"rendered":"<div class=\"wpb-content-wrapper\"><p>[vc_row full_width=&#8220;stretch_row_content&#8220;][vc_column offset=&#8220;vc_hidden-sm vc_hidden-xs&#8220; css=&#8220;.vc_custom_1654087018638{padding-top: 5% !important;background-image: url(\/erp\/wp-content\/uploads\/sites\/3\/2019\/05\/Kontakt-bg-04.jpg?id=448) !important;background-position: center !important;background-repeat: no-repeat !important;background-size: cover !important;}&#8220;][vc_row_inner container_type=&#8220;fluid&#8220;][vc_column_inner width=&#8220;1\/3&#8243;][\/vc_column_inner][vc_column_inner width=&#8220;1\/3&#8243; offset=&#8220;vc_hidden-sm vc_hidden-xs&#8220;][\/vc_column_inner][vc_column_inner width=&#8220;1\/3&#8243; offset=&#8220;vc_hidden-sm vc_hidden-xs&#8220; css=&#8220;.vc_custom_1571058442384{padding-top: 4% !important;padding-right: 4% !important;padding-bottom: 2% !important;}&#8220;][vc_custom_heading text=&#8220;Kontaktujte n\u00e1s&#8220; font_container=&#8220;tag:h1|font_size:60|text_align:left|color:%23505050&#8243; use_theme_fonts=&#8220;yes&#8220; css=&#8220;.vc_custom_1557217144154{margin-top: -8% !important;}&#8220;][vc_column_text]<\/p>\n<h2>Katar\u00edna Kleinov\u00e1<\/h2>\n<p><strong>ERP Teamleader a obchodn\u00fd mana\u017e\u00e9r<\/strong><\/p>\n<p><i class=\"fa fa-envelope\"><\/i> <a href=\"mailto:kkleinova@telegrafia.sk\">kkleinova@telegrafia.sk<\/a>[\/vc_column_text][vc_column_text]\n<div class=\"wpcf7 no-js\" id=\"wpcf7-f2760-o1\" lang=\"sk-SK\" dir=\"ltr\">\n<div class=\"screen-reader-response\"><p role=\"status\" aria-live=\"polite\" aria-atomic=\"true\"><\/p> <ul><\/ul><\/div>\n<form action=\"\/erp\/wp-json\/wp\/v2\/pages\/159#wpcf7-f2760-o1\" method=\"post\" class=\"wpcf7-form init\" aria-label=\"Kontaktn\u00fd formul\u00e1r\" novalidate=\"novalidate\" data-status=\"init\">\n<div style=\"display: none;\">\n<input type=\"hidden\" name=\"_wpcf7\" value=\"2760\" \/>\n<input type=\"hidden\" name=\"_wpcf7_version\" value=\"5.8.7\" \/>\n<input type=\"hidden\" name=\"_wpcf7_locale\" value=\"sk_SK\" \/>\n<input type=\"hidden\" name=\"_wpcf7_unit_tag\" value=\"wpcf7-f2760-o1\" \/>\n<input type=\"hidden\" name=\"_wpcf7_container_post\" value=\"0\" \/>\n<input type=\"hidden\" name=\"_wpcf7_posted_data_hash\" value=\"\" \/>\n<\/div>\n<div class=\"container\">\n\t<div class=\"row\">\n\t\t<div class=\"col-md-6\">\n\t\t\t<p><label> Meno \/ Firma* <\/label><br \/>\n<span class=\"wpcf7-form-control-wrap\" data-name=\"MenoFirma\"><input size=\"40\" class=\"wpcf7-form-control wpcf7-text wpcf7-validates-as-required\" autocomplete=\"name\" aria-required=\"true\" aria-invalid=\"false\" value=\"\" type=\"text\" name=\"MenoFirma\" \/><\/span>\n\t\t\t<\/p>\n\t\t\t<p><label> E-mail* <\/label><br \/>\n<span class=\"wpcf7-form-control-wrap\" data-name=\"your-email\"><input size=\"40\" class=\"wpcf7-form-control wpcf7-email wpcf7-validates-as-required wpcf7-text wpcf7-validates-as-email\" autocomplete=\"email\" aria-required=\"true\" aria-invalid=\"false\" value=\"\" type=\"email\" name=\"your-email\" \/><\/span>\n\t\t\t<\/p>\n\t\t\t<p><label> Telef\u00f3n* <\/label><br \/>\n<span class=\"wpcf7-form-control-wrap\" data-name=\"telefon\"><input size=\"40\" class=\"wpcf7-form-control wpcf7-phonetext wpcf7-validates-as-required wpcf7-text wpcf7-validates-as-phonetext\" aria-required=\"true\" aria-invalid=\"false\" value=\"\" type=\"text\" name=\"telefon\" \/><input type=\"hidden\" name=\"telefon-country-code\" class=\"wpcf7-phonetext-country-code\" \/><\/span>\n\t\t\t<\/p>\n\t\t<\/div>\n\t\t<div class=\"col-md-6\">\n\t\t\t<p><label> Text <\/label><br \/>\n<span class=\"wpcf7-form-control-wrap\" data-name=\"your-message\"><textarea cols=\"40\" rows=\"5\" class=\"wpcf7-form-control wpcf7-textarea\" aria-invalid=\"false\" name=\"your-message\"><\/textarea><\/span>\n\t\t\t<\/p>\n\t\t\t<p><label> Antispam* <\/label><br \/>\n<span class=\"wpcf7-form-control-wrap\" data-name=\"quiz\"><label><span class=\"wpcf7-quiz-label\">11+4?<\/span> <input size=\"40\" class=\"wpcf7-form-control wpcf7-quiz\" autocomplete=\"off\" aria-required=\"true\" aria-invalid=\"false\" type=\"text\" name=\"quiz\" \/><\/label><input type=\"hidden\" name=\"_wpcf7_quiz_answer_quiz\" value=\"6c194c66a3f6a9959e59eee82243da4b\" \/><\/span>\n\t\t\t<\/p>\n\t\t\t<p><input class=\"wpcf7-form-control wpcf7-submit has-spinner\" type=\"submit\" value=\"Posla\u0165\" \/>\n\t\t\t<\/p>\n\t\t<\/div>\n\t<\/div>\n<\/div><input type='hidden' class='wpcf7-pum' value='{\"closepopup\":false,\"closedelay\":0,\"openpopup\":false,\"openpopup_id\":0}' \/><div class=\"wpcf7-response-output\" aria-hidden=\"true\"><\/div>\n<\/form>\n<\/div>\n[\/vc_column_text][\/vc_column_inner][\/vc_row_inner][\/vc_column][\/vc_row][vc_row full_width=&#8220;stretch_row_content_no_spaces&#8220; css=&#8220;.vc_custom_1558001133491{background-color: #eaeaea !important;}&#8220;][vc_column offset=&#8220;vc_hidden-lg vc_hidden-md&#8220; css=&#8220;.vc_custom_1558004558577{margin-top: -2% !important;padding-right: 4% !important;padding-left: 4% !important;}&#8220;][vc_row_inner container_type=&#8220;fluid&#8220;][vc_column_inner][vc_custom_heading text=&#8220;Kontaktujte n\u00e1s&#8220; font_container=&#8220;tag:h1|font_size:60|text_align:left|color:%23505050&#8243; use_theme_fonts=&#8220;yes&#8220;][vc_column_text]<\/p>\n<h3>Katar\u00edna Kleinov\u00e1<\/h3>\n<p><strong>ERP Teamleader a obchodn\u00fd mana\u017e\u00e9r<\/strong><\/p>\n<p><i class=\"fa fa-envelope\"><\/i> <a href=\"mailto:kkleinova@telegrafia.sk\">kkleinova@telegrafia.sk<\/a>[\/vc_column_text][vc_column_text]\n<div class=\"wpcf7 no-js\" id=\"wpcf7-f2760-o2\" lang=\"sk-SK\" dir=\"ltr\">\n<div class=\"screen-reader-response\"><p role=\"status\" aria-live=\"polite\" aria-atomic=\"true\"><\/p> <ul><\/ul><\/div>\n<form action=\"\/erp\/wp-json\/wp\/v2\/pages\/159#wpcf7-f2760-o2\" method=\"post\" class=\"wpcf7-form init\" aria-label=\"Kontaktn\u00fd formul\u00e1r\" novalidate=\"novalidate\" data-status=\"init\">\n<div style=\"display: none;\">\n<input type=\"hidden\" name=\"_wpcf7\" value=\"2760\" \/>\n<input type=\"hidden\" name=\"_wpcf7_version\" value=\"5.8.7\" \/>\n<input type=\"hidden\" name=\"_wpcf7_locale\" value=\"sk_SK\" \/>\n<input type=\"hidden\" name=\"_wpcf7_unit_tag\" value=\"wpcf7-f2760-o2\" \/>\n<input type=\"hidden\" name=\"_wpcf7_container_post\" value=\"0\" \/>\n<input type=\"hidden\" name=\"_wpcf7_posted_data_hash\" value=\"\" \/>\n<\/div>\n<div class=\"container\">\n\t<div class=\"row\">\n\t\t<div class=\"col-md-6\">\n\t\t\t<p><label> Meno \/ Firma* <\/label><br \/>\n<span class=\"wpcf7-form-control-wrap\" data-name=\"MenoFirma\"><input size=\"40\" class=\"wpcf7-form-control wpcf7-text wpcf7-validates-as-required\" autocomplete=\"name\" aria-required=\"true\" aria-invalid=\"false\" value=\"\" type=\"text\" name=\"MenoFirma\" \/><\/span>\n\t\t\t<\/p>\n\t\t\t<p><label> E-mail* <\/label><br \/>\n<span class=\"wpcf7-form-control-wrap\" data-name=\"your-email\"><input size=\"40\" class=\"wpcf7-form-control wpcf7-email wpcf7-validates-as-required wpcf7-text wpcf7-validates-as-email\" autocomplete=\"email\" aria-required=\"true\" aria-invalid=\"false\" value=\"\" type=\"email\" name=\"your-email\" \/><\/span>\n\t\t\t<\/p>\n\t\t\t<p><label> Telef\u00f3n* <\/label><br \/>\n<span class=\"wpcf7-form-control-wrap\" data-name=\"telefon\"><input size=\"40\" class=\"wpcf7-form-control wpcf7-phonetext wpcf7-validates-as-required wpcf7-text wpcf7-validates-as-phonetext\" aria-required=\"true\" aria-invalid=\"false\" value=\"\" type=\"text\" name=\"telefon\" \/><input type=\"hidden\" name=\"telefon-country-code\" class=\"wpcf7-phonetext-country-code\" \/><\/span>\n\t\t\t<\/p>\n\t\t<\/div>\n\t\t<div class=\"col-md-6\">\n\t\t\t<p><label> Text <\/label><br \/>\n<span class=\"wpcf7-form-control-wrap\" data-name=\"your-message\"><textarea cols=\"40\" rows=\"5\" class=\"wpcf7-form-control wpcf7-textarea\" aria-invalid=\"false\" name=\"your-message\"><\/textarea><\/span>\n\t\t\t<\/p>\n\t\t\t<p><label> Antispam* <\/label><br \/>\n<span class=\"wpcf7-form-control-wrap\" data-name=\"quiz\"><label><span class=\"wpcf7-quiz-label\">11+4?<\/span> <input size=\"40\" class=\"wpcf7-form-control wpcf7-quiz\" autocomplete=\"off\" aria-required=\"true\" aria-invalid=\"false\" type=\"text\" name=\"quiz\" \/><\/label><input type=\"hidden\" name=\"_wpcf7_quiz_answer_quiz\" value=\"6c194c66a3f6a9959e59eee82243da4b\" \/><\/span>\n\t\t\t<\/p>\n\t\t\t<p><input class=\"wpcf7-form-control wpcf7-submit has-spinner\" type=\"submit\" value=\"Posla\u0165\" \/>\n\t\t\t<\/p>\n\t\t<\/div>\n\t<\/div>\n<\/div><input type='hidden' class='wpcf7-pum' value='{\"closepopup\":false,\"closedelay\":0,\"openpopup\":false,\"openpopup_id\":0}' \/><div class=\"wpcf7-response-output\" aria-hidden=\"true\"><\/div>\n<\/form>\n<\/div>\n[\/vc_column_text][\/vc_column_inner][\/vc_row_inner][\/vc_column][\/vc_row][vc_row full_width=&#8220;stretch_row_content&#8220;][vc_column offset=&#8220;vc_hidden-md vc_hidden-sm vc_hidden-xs&#8220;][vc_row_inner container_type=&#8220;fluid&#8220;][vc_column_inner width=&#8220;1\/4&#8243; css=&#8220;.vc_custom_1571054305364{padding-top: 45% !important;}&#8220;][vc_custom_heading text=&#8220;N\u00e1jdete n\u00e1s&#8220; font_container=&#8220;tag:h2|text_align:center|color:%23505050&#8243; use_theme_fonts=&#8220;yes&#8220;][\/vc_column_inner][vc_column_inner width=&#8220;3\/4&#8243; css=&#8220;.vc_custom_1571053899136{padding-top: 3% !important;padding-bottom: 1% !important;}&#8220;][vc_column_text][\/vc_column_text][\/vc_column_inner][\/vc_row_inner][\/vc_column][\/vc_row][vc_row full_width=&#8220;stretch_row_content&#8220;][vc_column offset=&#8220;vc_hidden-lg&#8220;][vc_row_inner container_type=&#8220;fluid&#8220;][vc_column_inner][vc_custom_heading text=&#8220;N\u00e1jdete n\u00e1s&#8220; font_container=&#8220;tag:h2|text_align:center|color:%23505050&#8243; use_theme_fonts=&#8220;yes&#8220; css=&#8220;.vc_custom_1558005087709{padding-top: 8% !important;padding-bottom: 8% !important;}&#8220;][\/vc_column_inner][\/vc_row_inner][vc_column_text][\/vc_column_text][\/vc_column][\/vc_row]<\/p>\n<\/div>","protected":false},"excerpt":{"rendered":"<p>[vc_row full_width=&#8220;stretch_row_content&#8220;][vc_column offset=&#8220;vc_hidden-sm vc_hidden-xs&#8220; css=&#8220;.vc_custom_1654087018638{padding-top: 5% !important;background-image: url(\/erp\/wp-content\/uploads\/sites\/3\/2019\/05\/Kontakt-bg-04.jpg?id=448) !important;background-position: center !important;background-repeat: no-repeat !important;background-size: cover !important;}&#8220;][vc_row_inner container_type=&#8220;fluid&#8220;][vc_column_inner width=&#8220;1\/3&#8243;][\/vc_column_inner][vc_column_inner width=&#8220;1\/3&#8243; offset=&#8220;vc_hidden-sm vc_hidden-xs&#8220;][\/vc_column_inner][vc_column_inner width=&#8220;1\/3&#8243; offset=&#8220;vc_hidden-sm vc_hidden-xs&#8220; css=&#8220;.vc_custom_1571058442384{padding-top: 4% !important;padding-right: 4% !important;padding-bottom: 2% !important;}&#8220;][vc_custom_heading text=&#8220;Kontaktujte n\u00e1s&#8220; font_container=&#8220;tag:h1|font_size:60|text_align:left|color:%23505050&#8243; use_theme_fonts=&#8220;yes&#8220; css=&#8220;.vc_custom_1557217144154{margin-top: -8% !important;}&#8220;][vc_column_text] Katar\u00edna Kleinov\u00e1 ERP Teamleader a obchodn\u00fd mana\u017e\u00e9r kkleinova@telegrafia.sk[\/vc_column_text][vc_column_text][\/vc_column_text][\/vc_column_inner][\/vc_row_inner][\/vc_column][\/vc_row][vc_row full_width=&#8220;stretch_row_content_no_spaces&#8220; css=&#8220;.vc_custom_1558001133491{background-color: #eaeaea !important;}&#8220;][vc_column offset=&#8220;vc_hidden-lg vc_hidden-md&#8220; css=&#8220;.vc_custom_1558004558577{margin-top: -2% !important;padding-right: 4%&hellip;<\/p>\n","protected":false},"author":1,"featured_media":0,"parent":0,"menu_order":0,"comment_status":"closed","ping_status":"closed","template":"","meta":{"_acf_changed":false,"footnotes":""},"acf":[],"_links":{"self":[{"href":"https:\/\/www.telegrafia.sk\/erp\/wp-json\/wp\/v2\/pages\/159"}],"collection":[{"href":"https:\/\/www.telegrafia.sk\/erp\/wp-json\/wp\/v2\/pages"}],"about":[{"href":"https:\/\/www.telegrafia.sk\/erp\/wp-json\/wp\/v2\/types\/page"}],"author":[{"embeddable":true,"href":"https:\/\/www.telegrafia.sk\/erp\/wp-json\/wp\/v2\/users\/1"}],"replies":[{"embeddable":true,"href":"https:\/\/www.telegrafia.sk\/erp\/wp-json\/wp\/v2\/comments?post=159"}],"version-history":[{"count":62,"href":"https:\/\/www.telegrafia.sk\/erp\/wp-json\/wp\/v2\/pages\/159\/revisions"}],"predecessor-version":[{"id":3550,"href":"https:\/\/www.telegrafia.sk\/erp\/wp-json\/wp\/v2\/pages\/159\/revisions\/3550"}],"wp:attachment":[{"href":"https:\/\/www.telegrafia.sk\/erp\/wp-json\/wp\/v2\/media?parent=159"}],"curies":[{"name":"wp","href":"https:\/\/api.w.org\/{rel}","templated":true}]}}