{"id":264,"date":"2019-05-02T12:36:10","date_gmt":"2019-05-02T10:36:10","guid":{"rendered":"http:\/\/www.telegrafia.sk\/erp\/?page_id=264"},"modified":"2025-03-25T15:01:12","modified_gmt":"2025-03-25T14:01:12","slug":"riesenia","status":"publish","type":"page","link":"https:\/\/www.telegrafia.sk\/erp\/riesenia\/","title":{"rendered":"Rie\u0161enia"},"content":{"rendered":"<div class=\"wpb-content-wrapper\"><p>[vc_row full_width=&#8220;stretch_row_content&#8220;][vc_column css=&#8220;.vc_custom_1561359155237{padding-top: 2% !important;padding-right: 4% !important;padding-bottom: 2% !important;padding-left: 4% !important;}&#8220;][vc_row_inner container_type=&#8220;fluid&#8220;][vc_column_inner width=&#8220;1\/3&#8243;][vc_single_image image=&#8220;2624&#8243; img_size=&#8220;full&#8220; alignment=&#8220;center&#8220; onclick=&#8220;custom_link&#8220; link=&#8220;\/erp\/riesenia\/elektrotechnicka-vyroba\/&#8220;][vc_column_text css=&#8220;.vc_custom_1683116915181{padding-right: 2% !important;padding-left: 2% !important;}&#8220;]<\/p>\n<h2 style=\"text-align: center;\"><span style=\"color: #505050;\">Potravin\u00e1rsky priemysel\u00a0<\/span><\/h2>\n<p style=\"text-align: center;\">Je nevyhnutn\u00e9, aby boli podniky v potravin\u00e1rskom priemysle vybaven\u00e9 kvalitn\u00fdm informa\u010dn\u00fdm syst\u00e9mom.<\/p>\n<p>[\/vc_column_text][vc_btn title=&#8220;Zisti\u0165 viac&#8220; shape=&#8220;square&#8220; color=&#8220;danger&#8220; align=&#8220;center&#8220; link=&#8220;url:%2Ferp%2Friesenia%2Fpotravinarsky-priemysel%2F|||&#8220;][\/vc_column_inner][vc_column_inner width=&#8220;1\/3&#8243;][vc_single_image image=&#8220;3156&#8243; img_size=&#8220;full&#8220; alignment=&#8220;center&#8220; onclick=&#8220;custom_link&#8220; link=&#8220;\/erp\/riesenia\/zdravotnictvo\/&#8220;][vc_column_text css=&#8220;.vc_custom_1579685603836{padding-right: 2% !important;padding-left: 2% !important;}&#8220;]<\/p>\n<h2 style=\"text-align: center;\"><a href=\"\/erp\/riesenia\/zdravotnictvo\/\" target=\"_blank\" rel=\"noopener noreferrer\"><span style=\"color: #505050;\">Zdravotn\u00edctvo<\/span><\/a><\/h2>\n<p style=\"text-align: center;\">Zmena informa\u010dn\u00e9ho syst\u00e9mu poskytovate\u013ea zdravotnej starostlivosti pre dosiahnutie spokojnosti na strane lek\u00e1ra aj pacienta.<\/p>\n<p>[\/vc_column_text][vc_btn title=&#8220;Zisti\u0165 viac&#8220; shape=&#8220;square&#8220; color=&#8220;danger&#8220; align=&#8220;center&#8220; link=&#8220;url:%2Ferp%2Friesenia%2Fzdravotnictvo%2F|||&#8220;][\/vc_column_inner][vc_column_inner width=&#8220;1\/3&#8243;][vc_single_image image=&#8220;3158&#8243; img_size=&#8220;full&#8220; alignment=&#8220;center&#8220; onclick=&#8220;custom_link&#8220; link=&#8220;\/erp\/riesenia\/odpadove-hospodarstvo\/&#8220;][vc_column_text css=&#8220;.vc_custom_1579685622461{padding-right: 2% !important;padding-left: 2% !important;}&#8220;]<\/p>\n<h2 style=\"text-align: center;\"><a href=\"\/erp\/riesenia\/odpadove-hospodarstvo\/\" rel=\"noopener noreferrer\"><span style=\"color: #505050;\">Odpadov\u00e9 hospod\u00e1rstvo<\/span><\/a><\/h2>\n<p style=\"text-align: center;\">V\u00fdmena informa\u010dn\u00e9ho syst\u00e9mu nov\u0161\u00edm sp\u013a\u0148aj\u00facim n\u00e1ro\u010dn\u00e9 po\u017eiadavky s vyu\u017eit\u00edm najnov\u0161\u00edch IT technol\u00f3gi\u00ed pre dosiahnutie trvalej konkuren\u010dnej v\u00fdhody.<\/p>\n<p>[\/vc_column_text][vc_btn title=&#8220;Zisti\u0165 viac&#8220; shape=&#8220;square&#8220; color=&#8220;danger&#8220; align=&#8220;center&#8220; link=&#8220;url:%2Ferp%2Friesenia%2Fodpadove-hospodarstvo%2F|||&#8220;][\/vc_column_inner][\/vc_row_inner][vc_row_inner container_type=&#8220;fluid&#8220;][vc_column_inner width=&#8220;1\/3&#8243;][vc_single_image image=&#8220;3153&#8243; img_size=&#8220;full&#8220; alignment=&#8220;center&#8220; onclick=&#8220;custom_link&#8220; link=&#8220;\/erp\/riesenia\/elektrotechnicka-vyroba\/&#8220;][vc_column_text css=&#8220;.vc_custom_1579685575044{padding-right: 2% !important;padding-left: 2% !important;}&#8220;]<\/p>\n<h2 style=\"text-align: center;\"><a href=\"\/erp\/riesenia\/elektrotechnicka-vyroba\/\" rel=\"noopener noreferrer\"><span style=\"color: #505050;\">Elektrotechnick\u00e1 v\u00fdroba<\/span><\/a><\/h2>\n<p style=\"text-align: center;\">Rie\u0161enie n\u00e1hrady zastaran\u00e9ho ekonomick\u00e9ho softv\u00e9ru nov\u0161\u00edm, modernej\u0161\u00edm podnikov\u00fdm informa\u010dn\u00fdm syst\u00e9mom pre riadenie cel\u00e9ho v\u00fdrobn\u00e9ho procesu.<\/p>\n<p>[\/vc_column_text][vc_btn title=&#8220;Zisti\u0165 viac&#8220; shape=&#8220;square&#8220; color=&#8220;danger&#8220; align=&#8220;center&#8220; link=&#8220;url:%2Ferp%2Friesenia%2Felektrotechnicka-vyroba%2F|||&#8220;][\/vc_column_inner][vc_column_inner width=&#8220;1\/3&#8243;][vc_single_image image=&#8220;3157&#8243; img_size=&#8220;full&#8220; alignment=&#8220;center&#8220; onclick=&#8220;custom_link&#8220; link=&#8220;\/erp\/riesenia\/stavebna-vyroba\/&#8220;][vc_column_text css=&#8220;.vc_custom_1579685723907{padding-right: 2% !important;padding-left: 2% !important;}&#8220;]<\/p>\n<h2 style=\"text-align: center;\"><a href=\"\/erp\/riesenia\/stavebna-vyroba\/\" rel=\"noopener noreferrer\"><span style=\"color: #505050;\">Stavebn\u00e1 v\u00fdroba<\/span><\/a><\/h2>\n<p style=\"text-align: center;\">Unik\u00e1tne rie\u0161enie podnikov\u00e9ho informa\u010dn\u00e9ho syst\u00e9mu pre spolo\u010dnosti podnikaj\u00face v odvetv\u00ed stavebn\u00edctva \u00fa\u010dinnej\u0161ou softv\u00e9rovou podporou vn\u00fatro firemn\u00fdch procesov.<\/p>\n<p>[\/vc_column_text][vc_btn title=&#8220;Zisti\u0165 viac&#8220; shape=&#8220;square&#8220; color=&#8220;danger&#8220; align=&#8220;center&#8220; link=&#8220;url:%2Ferp%2Friesenia%2Fstavebna-vyroba%2F|||&#8220;][\/vc_column_inner][vc_column_inner width=&#8220;1\/3&#8243;][vc_single_image image=&#8220;3155&#8243; img_size=&#8220;full&#8220; alignment=&#8220;center&#8220; onclick=&#8220;custom_link&#8220; link=&#8220;\/erp\/riesenia\/strojarska-vyroba\/&#8220;][vc_column_text css=&#8220;.vc_custom_1579685737838{padding-right: 2% !important;padding-left: 2% !important;}&#8220;]<\/p>\n<h2 style=\"text-align: center;\"><a href=\"\/erp\/riesenia\/strojarska-vyroba\/\" rel=\"noopener noreferrer\"><span style=\"color: #505050;\">Stroj\u00e1rska v\u00fdroba<\/span><\/a><\/h2>\n<p style=\"text-align: center;\">\u0160tandardizovanie a zefekt\u00edvnenie procesov v oblasti v\u00fdroby v odvetv\u00ed stroj\u00e1renstva implement\u00e1ciou komplexn\u00e9ho informa\u010dn\u00e9ho syst\u00e9mu.<\/p>\n<p>[\/vc_column_text][vc_btn title=&#8220;Zisti\u0165 viac&#8220; shape=&#8220;square&#8220; color=&#8220;danger&#8220; align=&#8220;center&#8220; link=&#8220;url:%2Ferp%2Friesenia%2Fstrojarska-vyroba%2F|||&#8220;][\/vc_column_inner][\/vc_row_inner][vc_row_inner container_type=&#8220;fluid&#8220; css=&#8220;.vc_custom_1561359770989{padding-top: 2% !important;}&#8220;][vc_column_inner width=&#8220;1\/3&#8243;][vc_single_image image=&#8220;3159&#8243; img_size=&#8220;full&#8220; alignment=&#8220;center&#8220; onclick=&#8220;custom_link&#8220; link=&#8220;\/erp\/riesenia\/obchod-a-distribucia&#8220;][vc_column_text css=&#8220;.vc_custom_1579685751653{padding-right: 2% !important;padding-left: 2% !important;}&#8220;]<\/p>\n<h2 style=\"text-align: center;\"><a href=\"\/erp\/riesenia\/obchod-a-distribucia\/\" rel=\"noopener noreferrer\"><span style=\"color: #505050;\">Obchod a distrib\u00facia<\/span><\/a><\/h2>\n<p style=\"text-align: center;\">\u0160pecifick\u00e9 rie\u0161enie komplexn\u00e9ho informa\u010dn\u00e9ho syst\u00e9mu pre spolo\u010dnosti podnikaj\u00face v oblasti recykl\u00e1ci\u00ed odpadu vr\u00e1tane modulu so v\u0161etk\u00fdmi potrebn\u00fdmi v\u00fdkazmi.<\/p>\n<p>[\/vc_column_text][vc_btn title=&#8220;Zisti\u0165 viac&#8220; shape=&#8220;square&#8220; color=&#8220;danger&#8220; align=&#8220;center&#8220; link=&#8220;url:%2Ferp%2Friesenia%2Fobchod-a-distribucia|||&#8220;][\/vc_column_inner][vc_column_inner width=&#8220;1\/3&#8243;][\/vc_column_inner][vc_column_inner width=&#8220;1\/3&#8243;][\/vc_column_inner][\/vc_row_inner][\/vc_column][\/vc_row][vc_row][vc_column][vc_column_text]<\/p>\n<p>&nbsp;<\/p>\n<p>[\/vc_column_text][\/vc_column][\/vc_row][vc_row full_width=&#8220;stretch_row_content&#8220;][vc_column offset=&#8220;vc_hidden-md vc_hidden-sm vc_hidden-xs&#8220;][vc_row_inner container_type=&#8220;fluid&#8220; css=&#8220;.vc_custom_1560851562324{background-image: url(\/erp\/wp-content\/uploads\/sites\/3\/2019\/04\/red_slice.png?id=28) !important;}&#8220;][vc_column_inner width=&#8220;1\/4&#8243;][vc_empty_space height=&#8220;100px&#8220;][vc_custom_heading text=&#8220;Blog&#8220; font_container=&#8220;tag:h2|font_size:50|text_align:center|color:%23ffffff&#8220; use_theme_fonts=&#8220;yes&#8220; link=&#8220;url:http%3A%2F%2Fwww.ekonomickysoftver-dynamicsnav.sk%2F|||rel:nofollow&#8220; el_class=&#8220;slicetitle&#8220; css=&#8220;.vc_custom_1582017277910{padding-bottom: 4% !important;}&#8220;][\/vc_column_inner][vc_column_inner width=&#8220;3\/4&#8243; css=&#8220;.vc_custom_1560851600754{padding-bottom: 4% !important;}&#8220;][vc_empty_space height=&#8220;100px&#8220;][vc_custom_heading text=&#8220;Modern\u00fd podnikov\u00fd informa\u010dn\u00fd syst\u00e9m<br \/>\nv\u0161etko \u010do potrebujete vedie\u0165&#8220; font_container=&#8220;tag:h3|font_size:25|text_align:center|color:%23ffffff&#8220; use_theme_fonts=&#8220;yes&#8220; link=&#8220;url:http%3A%2F%2Fwww.ekonomickysoftver-dynamicsnav.sk%2F|||rel:nofollow&#8220; el_class=&#8220;slicetitle&#8220;][\/vc_column_inner][\/vc_row_inner][\/vc_column][\/vc_row][vc_row][vc_column][vc_column_text]<\/p>\n<p>[\/vc_column_text][\/vc_column][\/vc_row][vc_row][vc_column offset=&#8220;vc_hidden-lg&#8220;][vc_row_inner css=&#8220;.vc_custom_1560851494195{background-image: url(\/erp\/wp-content\/uploads\/sites\/3\/2019\/04\/red_slice.png?id=28) !important;}&#8220;][vc_column_inner][vc_icon type=&#8220;fontawesome&#8220; icon_fontawesome=&#8220;fa fa-hand-o-down&#8220; color=&#8220;custom&#8220; background_style=&#8220;rounded&#8220; background_color=&#8220;custom&#8220; align=&#8220;center&#8220; css_animation=&#8220;slideInDown&#8220; custom_color=&#8220;#ffffff&#8220; css=&#8220;.vc_custom_1569838731226{padding-top: 10% !important;}&#8220; custom_background_color=&#8220;rgba(0,0,0,0.01)&#8220;][vc_custom_heading text=&#8220;Blog&#8220; font_container=&#8220;tag:h2|text_align:center|color:%23ffffff&#8220; use_theme_fonts=&#8220;yes&#8220; link=&#8220;url:http%3A%2F%2Fwww.ekonomickysoftver-dynamicsnav.sk%2F|||rel:nofollow&#8220; el_class=&#8220;slicetitle&#8220; css=&#8220;.vc_custom_1582016029700{margin-top: -35px !important;}&#8220;][vc_column_text css=&#8220;.vc_custom_1572987520042{padding-bottom: 5% !important;}&#8220;]<\/p>\n<p class=\"vc_custom_heading slicetitle\" style=\"text-align: center;\"><span style=\"color: #ffffff;\"><strong><a class=\"link-hover\" style=\"color: #ffffff;\" href=\"http:\/\/www.ekonomickysoftver-dynamicsnav.sk\/referencny-pribeh-z-implementacie-dynamics-nav-elektrotechnicka-vyroba\/\/\" rel=\"nofollow noopener\" target=\"_blank\">Referen\u010dn\u00fd pr\u00edbeh z implement\u00e1cie Dynamics NAV\/<\/a><\/strong><\/span><\/p>\n<p>[\/vc_column_text][\/vc_column_inner][\/vc_row_inner][\/vc_column][\/vc_row]<\/p>\n<\/div>","protected":false},"excerpt":{"rendered":"<p>[vc_row full_width=&#8220;stretch_row_content&#8220;][vc_column css=&#8220;.vc_custom_1561359155237{padding-top: 2% !important;padding-right: 4% !important;padding-bottom: 2% !important;padding-left: 4% !important;}&#8220;][vc_row_inner container_type=&#8220;fluid&#8220;][vc_column_inner width=&#8220;1\/3&#8243;][vc_single_image image=&#8220;2624&#8243; img_size=&#8220;full&#8220; alignment=&#8220;center&#8220; onclick=&#8220;custom_link&#8220; link=&#8220;\/erp\/riesenia\/elektrotechnicka-vyroba\/&#8220;][vc_column_text css=&#8220;.vc_custom_1683116915181{padding-right: 2% !important;padding-left: 2% !important;}&#8220;] Potravin\u00e1rsky priemysel\u00a0 Je nevyhnutn\u00e9, aby boli podniky v potravin\u00e1rskom priemysle vybaven\u00e9 kvalitn\u00fdm informa\u010dn\u00fdm syst\u00e9mom. [\/vc_column_text][vc_btn title=&#8220;Zisti\u0165 viac&#8220; shape=&#8220;square&#8220; color=&#8220;danger&#8220; align=&#8220;center&#8220; link=&#8220;url:%2Ferp%2Friesenia%2Fpotravinarsky-priemysel%2F|||&#8220;][\/vc_column_inner][vc_column_inner width=&#8220;1\/3&#8243;][vc_single_image image=&#8220;3156&#8243; img_size=&#8220;full&#8220; alignment=&#8220;center&#8220; onclick=&#8220;custom_link&#8220; link=&#8220;\/erp\/riesenia\/zdravotnictvo\/&#8220;][vc_column_text css=&#8220;.vc_custom_1579685603836{padding-right: 2% !important;padding-left: 2% !important;}&#8220;]&hellip;<\/p>\n","protected":false},"author":2,"featured_media":0,"parent":0,"menu_order":0,"comment_status":"closed","ping_status":"closed","template":"","meta":{"_acf_changed":false,"footnotes":""},"acf":[],"_links":{"self":[{"href":"https:\/\/www.telegrafia.sk\/erp\/wp-json\/wp\/v2\/pages\/264"}],"collection":[{"href":"https:\/\/www.telegrafia.sk\/erp\/wp-json\/wp\/v2\/pages"}],"about":[{"href":"https:\/\/www.telegrafia.sk\/erp\/wp-json\/wp\/v2\/types\/page"}],"author":[{"embeddable":true,"href":"https:\/\/www.telegrafia.sk\/erp\/wp-json\/wp\/v2\/users\/2"}],"replies":[{"embeddable":true,"href":"https:\/\/www.telegrafia.sk\/erp\/wp-json\/wp\/v2\/comments?post=264"}],"version-history":[{"count":40,"href":"https:\/\/www.telegrafia.sk\/erp\/wp-json\/wp\/v2\/pages\/264\/revisions"}],"predecessor-version":[{"id":3160,"href":"https:\/\/www.telegrafia.sk\/erp\/wp-json\/wp\/v2\/pages\/264\/revisions\/3160"}],"wp:attachment":[{"href":"https:\/\/www.telegrafia.sk\/erp\/wp-json\/wp\/v2\/media?parent=264"}],"curies":[{"name":"wp","href":"https:\/\/api.w.org\/{rel}","templated":true}]}}