{"id":715,"date":"2019-06-24T14:24:42","date_gmt":"2019-06-24T12:24:42","guid":{"rendered":"http:\/\/www.telegrafia.sk\/erp\/?page_id=715"},"modified":"2025-11-26T14:06:19","modified_gmt":"2025-11-26T13:06:19","slug":"microsoft-azure","status":"publish","type":"page","link":"https:\/\/www.telegrafia.sk\/erp\/produkty\/microsoft-azure\/","title":{"rendered":"Microsoft Azure"},"content":{"rendered":"<div class=\"wpb-content-wrapper\"><p>[vc_row full_width=&#8220;stretch_row_content&#8220; content_placement=&#8220;middle&#8220;][vc_column css=&#8220;.vc_custom_1569498890661{padding-top: 10% !important;padding-bottom: 12% !important;background-image: url(\/erp\/wp-content\/uploads\/sites\/3\/2019\/09\/azure-background.jpg?id=1100) !important;background-position: center !important;background-repeat: no-repeat !important;background-size: cover !important;}&#8220; offset=&#8220;vc_hidden-sm vc_hidden-xs&#8220;][vc_row_inner container_type=&#8220;fluid&#8220;][vc_column_inner width=&#8220;1\/2&#8243;][\/vc_column_inner][vc_column_inner width=&#8220;1\/2&#8243;][vc_custom_heading text=&#8220;Microsoft Azure&#8220; font_container=&#8220;tag:h1|font_size:60|text_align:center|color:%23505050&#8243; use_theme_fonts=&#8220;yes&#8220;][\/vc_column_inner][\/vc_row_inner][\/vc_column][\/vc_row][vc_row full_width=&#8220;stretch_row_content&#8220; content_placement=&#8220;middle&#8220;][vc_column css=&#8220;.vc_custom_1569498906912{margin-bottom: 4% !important;background-image: url(\/erp\/wp-content\/uploads\/sites\/3\/2019\/09\/azure-background.jpg?id=1100) !important;background-position: center !important;background-repeat: no-repeat !important;background-size: cover !important;}&#8220; offset=&#8220;vc_hidden-lg vc_hidden-md&#8220;][vc_row_inner container_type=&#8220;fluid&#8220;][vc_column_inner width=&#8220;1\/2&#8243; css=&#8220;.vc_custom_1558348680902{padding-top: 25% !important;padding-bottom: 15% !important;}&#8220;][vc_custom_heading text=&#8220;Microsoft Azure&#8220; font_container=&#8220;tag:h1|font_size:30|text_align:right|color:%23505050&#8243; use_theme_fonts=&#8220;yes&#8220;][\/vc_column_inner][vc_column_inner width=&#8220;1\/2&#8243;][\/vc_column_inner][\/vc_row_inner][\/vc_column][\/vc_row][vc_row full_width=&#8220;stretch_row_content&#8220;][vc_column css=&#8220;.vc_custom_1557123905577{padding-top: 2% !important;padding-bottom: 2% !important;}&#8220;][vc_custom_heading text=&#8220;\u010co je cloud coumputing?&#8220; font_container=&#8220;tag:h2|font_size:30|text_align:center|color:%23ec2026&#8243; use_theme_fonts=&#8220;yes&#8220;][vc_row_inner][vc_column_inner width=&#8220;1\/2&#8243; css=&#8220;.vc_custom_1571984310850{padding-top: 2% !important;padding-right: 4% !important;padding-left: 4% !important;}&#8220;][vc_column_text]Cloud computing je, ke\u010f pristupujete k v\u00fdpo\u010dtov\u00fdm slu\u017eb\u00e1m &#8211; ako s\u00fa servery, \u00falo\u017eisko, sie\u0165, softv\u00e9r &#8211; cez internet (\u201ecloud\u201c) od poskytovate\u013ea, napr\u00edklad Microsoft Azure.[\/vc_column_text][\/vc_column_inner][vc_column_inner width=&#8220;1\/2&#8243; css=&#8220;.vc_custom_1571984320163{padding-top: 2% !important;padding-right: 4% !important;padding-left: 4% !important;}&#8220;][vc_column_text]Napr\u00edklad namiesto ukladania osobn\u00fdch dokumentov a fotografi\u00ed na pevn\u00fd disk v\u00e1\u0161ho osobn\u00e9ho po\u010d\u00edta\u010da ich v\u00e4\u010d\u0161ina teraz uklad\u00e1 online: to je cloud computing.[\/vc_column_text][\/vc_column_inner][\/vc_row_inner][\/vc_column][\/vc_row][vc_row full_width=&#8220;stretch_row_content&#8220;][vc_column offset=&#8220;vc_hidden-md vc_hidden-sm vc_hidden-xs&#8220;][vc_row_inner container_type=&#8220;fluid&#8220; css=&#8220;.vc_custom_1569846738450{background-image: url(\/erp\/wp-content\/uploads\/sites\/3\/2019\/04\/red_slice.png?id=28) !important;}&#8220;][vc_column_inner width=&#8220;1\/4&#8243;][vc_empty_space height=&#8220;100px&#8220;][vc_custom_heading text=&#8220;Blog&#8220; font_container=&#8220;tag:h2|font_size:50|text_align:center|color:%23ffffff&#8220; use_theme_fonts=&#8220;yes&#8220; link=&#8220;url:http%3A%2F%2Fwww.ekonomickysoftver-dynamicsnav.sk%2F||target:%20_blank|&#8220;][\/vc_column_inner][vc_column_inner width=&#8220;3\/4&#8243;][vc_empty_space height=&#8220;100px&#8220;][vc_custom_heading text=&#8220;Microsoft Azure &#8211; Efekt\u00edvne, jednoducho a s \u00fasporou n\u00e1kladov&#8220; font_container=&#8220;tag:h2|font_size:30|text_align:center|color:%23ffffff&#8220; use_theme_fonts=&#8220;yes&#8220; link=&#8220;url:http%3A%2F%2Fwww.ekonomickysoftver-dynamicsnav.sk%2Fefektivne-jednoducho-usporou-nakladov%2F||target:%20_blank|&#8220;][vc_column_text css=&#8220;.vc_custom_1572983954095{padding-top: 1% !important;}&#8220;]<\/p>\n<p style=\"text-align: center\"><span style=\"color: #ffffff\">S podnikov\u00fdm rie\u0161en\u00edm Dynamics 365 a cloudov\u00fdm prostredn\u00edm MS Azure z\u00edskate kontrolu nad svojimi finan\u010dn\u00fdmi prostriedkami.<\/span><\/p>\n<p>[\/vc_column_text][\/vc_column_inner][\/vc_row_inner][\/vc_column][\/vc_row][vc_row][vc_column css=&#8220;.vc_custom_1569846496735{padding-right: 4% !important;padding-left: 4% !important;}&#8220; offset=&#8220;vc_hidden-lg&#8220;][vc_row_inner css=&#8220;.vc_custom_1569846507159{background-image: url(\/erp\/wp-content\/uploads\/sites\/3\/2019\/04\/red_slice.png?id=28) !important;background-position: center !important;background-repeat: no-repeat !important;background-size: cover !important;}&#8220;][vc_column_inner][vc_icon type=&#8220;fontawesome&#8220; icon_fontawesome=&#8220;fa fa-hand-o-down&#8220; color=&#8220;white&#8220; background_style=&#8220;rounded&#8220; background_color=&#8220;custom&#8220; size=&#8220;lg&#8220; align=&#8220;center&#8220; css_animation=&#8220;slideInDown&#8220; custom_background_color=&#8220;rgba(0,0,0,0.01)&#8220; css=&#8220;.vc_custom_1569846833192{margin-top: 20% !important;}&#8220;][vc_custom_heading text=&#8220;Blog&#8220; font_container=&#8220;tag:h2|font_size:50|text_align:center|color:%23ffffff&#8220; use_theme_fonts=&#8220;yes&#8220; link=&#8220;url:http%3A%2F%2Fwww.ekonomickysoftver-dynamicsnav.sk%2F||target:%20_blank|&#8220; css=&#8220;.vc_custom_1569846802381{margin-top: -35px !important;}&#8220;][vc_custom_heading text=&#8220;Microsoft Azure &#8211; Efekt\u00edvne, jednoducho a s \u00fasporou n\u00e1kladov&#8220; font_container=&#8220;tag:h2|font_size:30|text_align:center|color:%23ffffff&#8220; use_theme_fonts=&#8220;yes&#8220; link=&#8220;url:http%3A%2F%2Fwww.ekonomickysoftver-dynamicsnav.sk%2Fefektivne-jednoducho-usporou-nakladov%2F||target:%20_blank|&#8220;][vc_column_text css=&#8220;.vc_custom_1572983977088{padding-top: 1% !important;}&#8220;]<\/p>\n<p style=\"text-align: center\"><span style=\"color: #ffffff\">S podnikov\u00fdm rie\u0161en\u00edm Dynamics 365 a cloudov\u00fdm prostredn\u00edm MS Azure z\u00edskate kontrolu nad svojimi finan\u010dn\u00fdmi prostriedkami.<\/span><\/p>\n<p>[\/vc_column_text][\/vc_column_inner][\/vc_row_inner][\/vc_column][\/vc_row][vc_row full_width=&#8220;stretch_row_content&#8220; equal_height=&#8220;yes&#8220; css=&#8220;.vc_custom_1557915681127{background-position: center !important;background-repeat: no-repeat !important;background-size: cover !important;}&#8220;][vc_column parallax=&#8220;content-moving&#8220; parallax_image=&#8220;491&#8243; css=&#8220;.vc_custom_1574865748738{padding-top: 4% !important;padding-bottom: 3% !important;}&#8220;][vc_row_inner container_type=&#8220;fluid&#8220; content_placement=&#8220;middle&#8220;][vc_column_inner width=&#8220;1\/2&#8243; offset=&#8220;vc_hidden-sm vc_hidden-xs&#8220;][\/vc_column_inner][vc_column_inner width=&#8220;1\/2&#8243; css=&#8220;.vc_custom_1557915744757{padding-right: 10% !important;padding-left: 20% !important;}&#8220;][vc_custom_heading text=&#8220;Platforma cloud &#8211; MS Azure&#8220; use_theme_fonts=&#8220;yes&#8220; css=&#8220;.vc_custom_1572984043941{padding-bottom: 2% !important;}&#8220;][vc_column_text]Platformy cloud computingu, ako je Azure, b\u00fdvaj\u00fa lacnej\u0161ie a bezpe\u010dnej\u0161ie, spo\u013eahlivej\u0161ie a flexibilnej\u0161ie ako servery na mieste. V\u010faka cloudu prestoje zariadenia z d\u00f4vodu \u00fadr\u017eby, kr\u00e1de\u017ee alebo po\u0161kodenia takmer neexistuj\u00fa. Ke\u010f sa va\u0161e potreby na Azure menia, va\u0161e po\u010d\u00edta\u010dov\u00e9 a \u00falo\u017en\u00e9 prostriedky m\u00f4\u017eete \u0161k\u00e1lova\u0165 &#8211; hore alebo dole &#8211; takmer okam\u017eite. Zvy\u010dajne plat\u00edte iba za slu\u017eby, ktor\u00e9 pou\u017e\u00edvate, ktor\u00e9 poskytuj\u00fa \u00farove\u0148 pohodlia a kontrolu n\u00e1kladov, ktor\u00fa je takmer nemo\u017en\u00e9 dosiahnu\u0165 pomocou infra\u0161trukt\u00fary na mieste.[\/vc_column_text][\/vc_column_inner][\/vc_row_inner][\/vc_column][\/vc_row][vc_row full_width=&#8220;stretch_row_content&#8220; equal_height=&#8220;yes&#8220; css=&#8220;.vc_custom_1557915681127{background-position: center !important;background-repeat: no-repeat !important;background-size: cover !important;}&#8220;][vc_column css=&#8220;.vc_custom_1574865740182{padding-top: 10% !important;padding-bottom: 8% !important;background-image: url(\/erp\/wp-content\/uploads\/sites\/3\/2019\/11\/azure-lock.jpg?id=1597) !important;}&#8220;][vc_row_inner container_type=&#8220;fluid&#8220; content_placement=&#8220;middle&#8220;][vc_column_inner width=&#8220;1\/2&#8243; css=&#8220;.vc_custom_1574865784835{padding-right: 7% !important;padding-left: 7% !important;}&#8220;][vc_custom_heading text=&#8220;Celosvetov\u00e1 t\u00e9ma &#8211; Bezpe\u010dnos\u0165 v IT&#8220; use_theme_fonts=&#8220;yes&#8220; css=&#8220;.vc_custom_1571984452487{padding-bottom: 2% !important;}&#8220;][vc_column_text]V cloudovom priemysle je bezpe\u010dnos\u0165 na prvom mieste. V\u010faka akt\u00edvnemu pr\u00edstupu spolo\u010dnosti Microsoft k bezpe\u010dnosti, dodr\u017eiavaniu predpisov a s\u00fakromiu, sa o bezpe\u010dnos\u0165 svojich \u00fadajov v cloude nemus\u00edte ob\u00e1va\u0165. Spolo\u010dnos\u0165 Microsoft je l\u00eddrom pri stanovovan\u00ed a d\u00f4slednom plnen\u00ed jasn\u00fdch po\u017eiadaviek na zabezpe\u010denie a ochranu osobn\u00fdch \u00fadajov. S Microsoft a MS Azure sa nemus\u00edte b\u00e1\u0165 kybernetick\u00fdch \u00fatokov.[\/vc_column_text][\/vc_column_inner][vc_column_inner width=&#8220;1\/2&#8243; css=&#8220;.vc_custom_1557915744757{padding-right: 10% !important;padding-left: 20% !important;}&#8220;][\/vc_column_inner][\/vc_row_inner][\/vc_column][\/vc_row]<\/p>\n<\/div>","protected":false},"excerpt":{"rendered":"<p>[vc_row full_width=&#8220;stretch_row_content&#8220; content_placement=&#8220;middle&#8220;][vc_column css=&#8220;.vc_custom_1569498890661{padding-top: 10% !important;padding-bottom: 12% !important;background-image: url(\/erp\/wp-content\/uploads\/sites\/3\/2019\/09\/azure-background.jpg?id=1100) !important;background-position: center !important;background-repeat: no-repeat !important;background-size: cover !important;}&#8220; offset=&#8220;vc_hidden-sm vc_hidden-xs&#8220;][vc_row_inner container_type=&#8220;fluid&#8220;][vc_column_inner width=&#8220;1\/2&#8243;][\/vc_column_inner][vc_column_inner width=&#8220;1\/2&#8243;][vc_custom_heading text=&#8220;Microsoft Azure&#8220; font_container=&#8220;tag:h1|font_size:60|text_align:center|color:%23505050&#8243; use_theme_fonts=&#8220;yes&#8220;][\/vc_column_inner][\/vc_row_inner][\/vc_column][\/vc_row][vc_row full_width=&#8220;stretch_row_content&#8220; content_placement=&#8220;middle&#8220;][vc_column css=&#8220;.vc_custom_1569498906912{margin-bottom: 4% !important;background-image: url(\/erp\/wp-content\/uploads\/sites\/3\/2019\/09\/azure-background.jpg?id=1100) !important;background-position: center !important;background-repeat: no-repeat !important;background-size: cover !important;}&#8220; offset=&#8220;vc_hidden-lg vc_hidden-md&#8220;][vc_row_inner container_type=&#8220;fluid&#8220;][vc_column_inner width=&#8220;1\/2&#8243; css=&#8220;.vc_custom_1558348680902{padding-top: 25% !important;padding-bottom: 15% !important;}&#8220;][vc_custom_heading text=&#8220;Microsoft Azure&#8220; font_container=&#8220;tag:h1|font_size:30|text_align:right|color:%23505050&#8243; use_theme_fonts=&#8220;yes&#8220;][\/vc_column_inner][vc_column_inner width=&#8220;1\/2&#8243;][\/vc_column_inner][\/vc_row_inner][\/vc_column][\/vc_row][vc_row full_width=&#8220;stretch_row_content&#8220;][vc_column css=&#8220;.vc_custom_1557123905577{padding-top: 2%&hellip;<\/p>\n","protected":false},"author":3,"featured_media":0,"parent":141,"menu_order":0,"comment_status":"closed","ping_status":"closed","template":"","meta":{"_acf_changed":false,"footnotes":""},"acf":[],"_links":{"self":[{"href":"https:\/\/www.telegrafia.sk\/erp\/wp-json\/wp\/v2\/pages\/715"}],"collection":[{"href":"https:\/\/www.telegrafia.sk\/erp\/wp-json\/wp\/v2\/pages"}],"about":[{"href":"https:\/\/www.telegrafia.sk\/erp\/wp-json\/wp\/v2\/types\/page"}],"author":[{"embeddable":true,"href":"https:\/\/www.telegrafia.sk\/erp\/wp-json\/wp\/v2\/users\/3"}],"replies":[{"embeddable":true,"href":"https:\/\/www.telegrafia.sk\/erp\/wp-json\/wp\/v2\/comments?post=715"}],"version-history":[{"count":47,"href":"https:\/\/www.telegrafia.sk\/erp\/wp-json\/wp\/v2\/pages\/715\/revisions"}],"predecessor-version":[{"id":4046,"href":"https:\/\/www.telegrafia.sk\/erp\/wp-json\/wp\/v2\/pages\/715\/revisions\/4046"}],"up":[{"embeddable":true,"href":"https:\/\/www.telegrafia.sk\/erp\/wp-json\/wp\/v2\/pages\/141"}],"wp:attachment":[{"href":"https:\/\/www.telegrafia.sk\/erp\/wp-json\/wp\/v2\/media?parent=715"}],"curies":[{"name":"wp","href":"https:\/\/api.w.org\/{rel}","templated":true}]}}